{"id":1392,"date":"2024-03-25T15:53:08","date_gmt":"2024-03-25T15:53:08","guid":{"rendered":"http:\/\/192.168.13.30\/?page_id=1392"},"modified":"2024-04-26T21:32:19","modified_gmt":"2024-04-26T21:32:19","slug":"greenworks","status":"publish","type":"page","link":"https:\/\/grupodaltile.com.mx\/index.php\/greenworks\/","title":{"rendered":"Greenworks"},"content":{"rendered":"\t\t<div data-elementor-type=\"wp-page\" data-elementor-id=\"1392\" class=\"elementor elementor-1392\" data-elementor-post-type=\"page\">\n\t\t\t\t<div class=\"elementor-element elementor-element-ff0cca9 nosotros e-flex e-con-boxed e-con e-parent\" data-id=\"ff0cca9\" data-element_type=\"container\" data-e-type=\"container\" data-settings=\"{&quot;background_background&quot;:&quot;classic&quot;}\">\n\t\t\t\t\t<div class=\"e-con-inner\">\n\t\t\t\t<div class=\"elementor-element elementor-element-8aa5aad elementor-invisible elementor-widget elementor-widget-heading\" data-id=\"8aa5aad\" data-element_type=\"widget\" data-e-type=\"widget\" data-settings=\"{&quot;_animation&quot;:&quot;fadeInUp&quot;,&quot;_animation_delay&quot;:1500}\" data-widget_type=\"heading.default\">\n\t\t\t\t<div class=\"elementor-widget-container\">\n\t\t\t\t\t<h2 class=\"elementor-heading-title elementor-size-default\">GREENWORKS<\/h2>\t\t\t\t<\/div>\n\t\t\t\t<\/div>\n\t\t\t\t\t<\/div>\n\t\t\t\t<\/div>\n\t\t<div class=\"elementor-element elementor-element-b1297ba e-flex e-con-boxed e-con e-parent\" data-id=\"b1297ba\" data-element_type=\"container\" data-e-type=\"container\">\n\t\t\t\t\t<div class=\"e-con-inner\">\n\t\t<div class=\"elementor-element elementor-element-18f315f e-con-full e-flex e-con e-child\" data-id=\"18f315f\" data-element_type=\"container\" data-e-type=\"container\">\n\t\t<div class=\"elementor-element elementor-element-82feb8a e-con-full e-flex e-con e-child\" data-id=\"82feb8a\" data-element_type=\"container\" data-e-type=\"container\">\n\t\t\t\t<div class=\"elementor-element elementor-element-895cd94 elementor-widget elementor-widget-image\" data-id=\"895cd94\" data-element_type=\"widget\" data-e-type=\"widget\" data-widget_type=\"image.default\">\n\t\t\t\t<div class=\"elementor-widget-container\">\n\t\t\t\t\t\t\t\t\t\t\t\t\t\t\t<img fetchpriority=\"high\" decoding=\"async\" width=\"800\" height=\"422\" src=\"https:\/\/grupodaltile.com.mx\/wp-content\/uploads\/2024\/03\/greenworks_1.jpg\" class=\"attachment-large size-large wp-image-1396\" alt=\"\" srcset=\"https:\/\/grupodaltile.com.mx\/wp-content\/uploads\/2024\/03\/greenworks_1.jpg 918w, https:\/\/grupodaltile.com.mx\/wp-content\/uploads\/2024\/03\/greenworks_1-300x158.jpg 300w, https:\/\/grupodaltile.com.mx\/wp-content\/uploads\/2024\/03\/greenworks_1-768x405.jpg 768w\" sizes=\"(max-width: 800px) 100vw, 800px\" \/>\t\t\t\t\t\t\t\t\t\t\t\t\t\t\t<\/div>\n\t\t\t\t<\/div>\n\t\t\t\t<\/div>\n\t\t<div class=\"elementor-element elementor-element-411165a e-con-full e-flex e-con e-child\" data-id=\"411165a\" data-element_type=\"container\" data-e-type=\"container\" data-settings=\"{&quot;background_background&quot;:&quot;classic&quot;}\">\n\t\t\t\t<div class=\"elementor-element elementor-element-b0b52c2 elementor-widget elementor-widget-heading\" data-id=\"b0b52c2\" data-element_type=\"widget\" data-e-type=\"widget\" data-widget_type=\"heading.default\">\n\t\t\t\t<div class=\"elementor-widget-container\">\n\t\t\t\t\t<h2 class=\"elementor-heading-title elementor-size-default\">GREENWORKS<\/h2>\t\t\t\t<\/div>\n\t\t\t\t<\/div>\n\t\t\t\t<div class=\"elementor-element elementor-element-ebdc3c4 elementor-widget elementor-widget-heading\" data-id=\"ebdc3c4\" data-element_type=\"widget\" data-e-type=\"widget\" data-widget_type=\"heading.default\">\n\t\t\t\t<div class=\"elementor-widget-container\">\n\t\t\t\t\t<h2 class=\"elementor-heading-title elementor-size-default\">PROGRAMA DE EDIFICACIONES VERDES<\/h2>\t\t\t\t<\/div>\n\t\t\t\t<\/div>\n\t\t\t\t<div class=\"elementor-element elementor-element-e54f7c2 elementor-widget elementor-widget-text-editor\" data-id=\"e54f7c2\" data-element_type=\"widget\" data-e-type=\"widget\" data-widget_type=\"text-editor.default\">\n\t\t\t\t<div class=\"elementor-widget-container\">\n\t\t\t\t\t\t\t\t\t<p>En Grupo Daltile nos preocupamos por el medio ambiente, por lo cual estamos comprometidos que en cada uno de nuestros procesos evitamos da\u00f1ar el medio ambiente. En nuestra empresa contamos con una amplia gama de pisos y muros cer\u00e1micos y porcel\u00e1nicos que apoyan de manera responsable a construir o remodelar tu casa, oficina o negocio.<\/p>\t\t\t\t\t\t\t\t<\/div>\n\t\t\t\t<\/div>\n\t\t\t\t<div class=\"elementor-element elementor-element-6fdc598 elementor-hidden-desktop elementor-hidden-tablet elementor-hidden-mobile elementor-widget elementor-widget-image\" data-id=\"6fdc598\" data-element_type=\"widget\" data-e-type=\"widget\" data-widget_type=\"image.default\">\n\t\t\t\t<div class=\"elementor-widget-container\">\n\t\t\t\t\t\t\t\t\t\t\t\t\t\t\t<img decoding=\"async\" width=\"420\" height=\"172\" src=\"https:\/\/grupodaltile.com.mx\/wp-content\/uploads\/2024\/03\/greenworks_logo.png\" class=\"attachment-large size-large wp-image-1408\" alt=\"\" srcset=\"https:\/\/grupodaltile.com.mx\/wp-content\/uploads\/2024\/03\/greenworks_logo.png 420w, https:\/\/grupodaltile.com.mx\/wp-content\/uploads\/2024\/03\/greenworks_logo-300x123.png 300w\" sizes=\"(max-width: 420px) 100vw, 420px\" \/>\t\t\t\t\t\t\t\t\t\t\t\t\t\t\t<\/div>\n\t\t\t\t<\/div>\n\t\t\t\t<\/div>\n\t\t\t\t<\/div>\n\t\t<div class=\"elementor-element elementor-element-5ced276 e-con-full e-flex e-con e-child\" data-id=\"5ced276\" data-element_type=\"container\" data-e-type=\"container\">\n\t\t<div class=\"elementor-element elementor-element-380e9fc e-con-full e-flex e-con e-child\" data-id=\"380e9fc\" data-element_type=\"container\" data-e-type=\"container\">\n\t\t\t\t<div class=\"elementor-element elementor-element-1486c8e elementor-widget elementor-widget-image\" data-id=\"1486c8e\" data-element_type=\"widget\" data-e-type=\"widget\" data-widget_type=\"image.default\">\n\t\t\t\t<div class=\"elementor-widget-container\">\n\t\t\t\t\t\t\t\t\t\t\t\t\t\t\t<img decoding=\"async\" width=\"613\" height=\"509\" src=\"https:\/\/grupodaltile.com.mx\/wp-content\/uploads\/2024\/03\/greenworks_2.jpg\" class=\"attachment-large size-large wp-image-1397\" alt=\"\" srcset=\"https:\/\/grupodaltile.com.mx\/wp-content\/uploads\/2024\/03\/greenworks_2.jpg 613w, https:\/\/grupodaltile.com.mx\/wp-content\/uploads\/2024\/03\/greenworks_2-300x249.jpg 300w\" sizes=\"(max-width: 613px) 100vw, 613px\" \/>\t\t\t\t\t\t\t\t\t\t\t\t\t\t\t<\/div>\n\t\t\t\t<\/div>\n\t\t\t\t<\/div>\n\t\t<div class=\"elementor-element elementor-element-5f9a20e e-con-full e-flex e-con e-child\" data-id=\"5f9a20e\" data-element_type=\"container\" data-e-type=\"container\" data-settings=\"{&quot;background_background&quot;:&quot;classic&quot;}\">\n\t\t\t\t<div class=\"elementor-element elementor-element-3a066bb elementor-widget elementor-widget-heading\" data-id=\"3a066bb\" data-element_type=\"widget\" data-e-type=\"widget\" data-widget_type=\"heading.default\">\n\t\t\t\t<div class=\"elementor-widget-container\">\n\t\t\t\t\t<h2 class=\"elementor-heading-title elementor-size-default\">Edificio verde\n<\/h2>\t\t\t\t<\/div>\n\t\t\t\t<\/div>\n\t\t\t\t<div class=\"elementor-element elementor-element-cb1e169 elementor-widget elementor-widget-text-editor\" data-id=\"cb1e169\" data-element_type=\"widget\" data-e-type=\"widget\" data-widget_type=\"text-editor.default\">\n\t\t\t\t<div class=\"elementor-widget-container\">\n\t\t\t\t\t\t\t\t\t<p>En este programa incorporamos consideraciones ambientales y la eficiencia de los recursos en cada paso del proceso de dise\u00f1o y construcci\u00f3n para reducir al m\u00ednimo el impacto sobre el medio ambiente. Esta pr\u00e1ctica de construcci\u00f3n verde ayuda a promover un enfoque integral del edificio como sustentable, tomando en cuenta la orientaci\u00f3n del sitio, la conservaci\u00f3n del agua, eficiencia energ\u00e9tica, selecci\u00f3n de materiales y calidad ambiental interior.<\/p><p>Las oportunidades para el desarrollo m\u00e1s verde s\u00f3lo pueden ser limitadas por tu imaginaci\u00f3n.<\/p><p>Grupo Daltile no solo ofrece una amplia\u00a0gama de productos, sino tambi\u00e9n las herramientas y los recursos necesarios para hacer que el proceso de construcci\u00f3n de un edificio verde sea m\u00e1s claro y sencillo para ti.<\/p>\t\t\t\t\t\t\t\t<\/div>\n\t\t\t\t<\/div>\n\t\t\t\t<\/div>\n\t\t\t\t<\/div>\n\t\t<div class=\"elementor-element elementor-element-0dc3564 e-con-full e-flex e-con e-child\" data-id=\"0dc3564\" data-element_type=\"container\" data-e-type=\"container\">\n\t\t<div class=\"elementor-element elementor-element-bc25dc3 e-con-full e-flex e-con e-child\" data-id=\"bc25dc3\" data-element_type=\"container\" data-e-type=\"container\">\n\t\t\t\t<div class=\"elementor-element elementor-element-0c2b177 elementor-widget elementor-widget-image\" data-id=\"0c2b177\" data-element_type=\"widget\" data-e-type=\"widget\" data-widget_type=\"image.default\">\n\t\t\t\t<div class=\"elementor-widget-container\">\n\t\t\t\t\t\t\t\t\t\t\t\t\t\t\t<img loading=\"lazy\" decoding=\"async\" width=\"613\" height=\"492\" src=\"https:\/\/grupodaltile.com.mx\/wp-content\/uploads\/2024\/03\/greenworks_3.png\" class=\"attachment-full size-full wp-image-1398\" alt=\"\" srcset=\"https:\/\/grupodaltile.com.mx\/wp-content\/uploads\/2024\/03\/greenworks_3.png 613w, https:\/\/grupodaltile.com.mx\/wp-content\/uploads\/2024\/03\/greenworks_3-300x241.png 300w\" sizes=\"(max-width: 613px) 100vw, 613px\" \/>\t\t\t\t\t\t\t\t\t\t\t\t\t\t\t<\/div>\n\t\t\t\t<\/div>\n\t\t\t\t<\/div>\n\t\t<div class=\"elementor-element elementor-element-0b93317 e-con-full e-flex e-con e-child\" data-id=\"0b93317\" data-element_type=\"container\" data-e-type=\"container\" data-settings=\"{&quot;background_background&quot;:&quot;classic&quot;}\">\n\t\t\t\t<div class=\"elementor-element elementor-element-4351908 elementor-widget elementor-widget-heading\" data-id=\"4351908\" data-element_type=\"widget\" data-e-type=\"widget\" data-widget_type=\"heading.default\">\n\t\t\t\t<div class=\"elementor-widget-container\">\n\t\t\t\t\t<h2 class=\"elementor-heading-title elementor-size-default\">Residencia verde\n<\/h2>\t\t\t\t<\/div>\n\t\t\t\t<\/div>\n\t\t\t\t<div class=\"elementor-element elementor-element-da8fc32 elementor-widget elementor-widget-text-editor\" data-id=\"da8fc32\" data-element_type=\"widget\" data-e-type=\"widget\" data-widget_type=\"text-editor.default\">\n\t\t\t\t<div class=\"elementor-widget-container\">\n\t\t\t\t\t\t\t\t\tIncorpora elementos de dise\u00f1o inteligente, tecnolog\u00eda, construcci\u00f3n y mantenimiento para reducir significativamente el impacto de una casa en el medio ambiente y mejorar la salud de las personas que viven en el interior. Una casa verde presta atenci\u00f3n a la eficiencia energ\u00e9tica, la conservaci\u00f3n del agua y de los recursos, el uso de productos sostenibles o reciclados, y la protecci\u00f3n de la calidad del aire interior.\t\t\t\t\t\t\t\t<\/div>\n\t\t\t\t<\/div>\n\t\t\t\t<\/div>\n\t\t\t\t<\/div>\n\t\t\t\t\t<\/div>\n\t\t\t\t<\/div>\n\t\t\t\t<\/div>\n\t\t","protected":false},"excerpt":{"rendered":"<p>GREENWORKS GREENWORKS PROGRAMA DE EDIFICACIONES VERDES En Grupo Daltile nos preocupamos por el medio ambiente, por lo cual estamos comprometidos que en cada uno de nuestros procesos evitamos da\u00f1ar el medio ambiente. En nuestra empresa contamos con una amplia gama de pisos y muros cer\u00e1micos y porcel\u00e1nicos que apoyan de manera responsable a construir o [&hellip;]<\/p>\n","protected":false},"author":1,"featured_media":0,"parent":0,"menu_order":0,"comment_status":"closed","ping_status":"closed","template":"elementor_header_footer","meta":{"footnotes":""},"class_list":["post-1392","page","type-page","status-publish","hentry"],"_links":{"self":[{"href":"https:\/\/grupodaltile.com.mx\/index.php\/wp-json\/wp\/v2\/pages\/1392","targetHints":{"allow":["GET"]}}],"collection":[{"href":"https:\/\/grupodaltile.com.mx\/index.php\/wp-json\/wp\/v2\/pages"}],"about":[{"href":"https:\/\/grupodaltile.com.mx\/index.php\/wp-json\/wp\/v2\/types\/page"}],"author":[{"embeddable":true,"href":"https:\/\/grupodaltile.com.mx\/index.php\/wp-json\/wp\/v2\/users\/1"}],"replies":[{"embeddable":true,"href":"https:\/\/grupodaltile.com.mx\/index.php\/wp-json\/wp\/v2\/comments?post=1392"}],"version-history":[{"count":58,"href":"https:\/\/grupodaltile.com.mx\/index.php\/wp-json\/wp\/v2\/pages\/1392\/revisions"}],"predecessor-version":[{"id":1826,"href":"https:\/\/grupodaltile.com.mx\/index.php\/wp-json\/wp\/v2\/pages\/1392\/revisions\/1826"}],"wp:attachment":[{"href":"https:\/\/grupodaltile.com.mx\/index.php\/wp-json\/wp\/v2\/media?parent=1392"}],"curies":[{"name":"wp","href":"https:\/\/api.w.org\/{rel}","templated":true}]}}